{"id":2930,"date":"2024-07-12T15:18:08","date_gmt":"2024-07-12T12:18:08","guid":{"rendered":"https:\/\/shop.photonweld.com\/shop\/unkategorisiert\/laserschweisserschutz-kabine\/"},"modified":"2024-07-12T15:18:08","modified_gmt":"2024-07-12T12:18:08","slug":"laserschweisserschutz-kabine","status":"publish","type":"product","link":"https:\/\/shop.photonweld.com\/de\/shop\/sicherheit-beim-laserschweisen-photonsafe\/laserschweissen-schutz-von-raum-und-umwelt\/laserschweisserschutz-kabine\/","title":{"rendered":"Laserschwei\u00dferschutz Kabine"},"content":{"rendered":"","protected":false},"excerpt":{"rendered":"<div>\n<p><strong>Sind Sie an diesem Produkt interessiert?<\/strong><\/p>\n<p>Wir bei PhotonWeld wissen, dass jedes Projekt einzigartig ist. F\u00fcr Produkte, f\u00fcr die kein Preis angegeben ist, bitten wir Sie, uns <span style=\"text-decoration: underline;\">Ihre speziellen W\u00fcnsche mitzuteilen<\/span>. Ganz gleich, ob es sich um Abmessungen, Gr\u00f6\u00dfen oder besondere Vorlieben handelt, unser Team hilft Ihnen gerne dabei, eine ma\u00dfgeschneiderte L\u00f6sung zu finden, die genau Ihren Bed\u00fcrfnissen entspricht.<\/p>\n<p>Kontaktieren Sie uns f\u00fcr ein individuelles Angebot!<\/p>\n<p><a class=\"quote-button\" href=\"mailto:contact@shop.photonweld.com\"><strong>Angebot einholen<\/strong><\/a><\/div>\n","protected":false},"featured_media":2775,"comment_status":"open","ping_status":"closed","template":"","meta":[],"product_brand":[],"product_cat":[303,308],"product_tag":[],"class_list":{"0":"post-2930","1":"product","2":"type-product","3":"status-publish","4":"has-post-thumbnail","6":"product_cat-laserschweissen-schutz-von-raum-und-umwelt","7":"product_cat-sicherheit-beim-laserschweisen-photonsafe","9":"first","10":"instock","11":"taxable","12":"shipping-taxable","13":"purchasable","14":"product-type-simple"},"_links":{"self":[{"href":"https:\/\/shop.photonweld.com\/de\/wp-json\/wp\/v2\/product\/2930","targetHints":{"allow":["GET"]}}],"collection":[{"href":"https:\/\/shop.photonweld.com\/de\/wp-json\/wp\/v2\/product"}],"about":[{"href":"https:\/\/shop.photonweld.com\/de\/wp-json\/wp\/v2\/types\/product"}],"replies":[{"embeddable":true,"href":"https:\/\/shop.photonweld.com\/de\/wp-json\/wp\/v2\/comments?post=2930"}],"wp:featuredmedia":[{"embeddable":true,"href":"https:\/\/shop.photonweld.com\/de\/wp-json\/wp\/v2\/media\/2775"}],"wp:attachment":[{"href":"https:\/\/shop.photonweld.com\/de\/wp-json\/wp\/v2\/media?parent=2930"}],"wp:term":[{"taxonomy":"product_brand","embeddable":true,"href":"https:\/\/shop.photonweld.com\/de\/wp-json\/wp\/v2\/product_brand?post=2930"},{"taxonomy":"product_cat","embeddable":true,"href":"https:\/\/shop.photonweld.com\/de\/wp-json\/wp\/v2\/product_cat?post=2930"},{"taxonomy":"product_tag","embeddable":true,"href":"https:\/\/shop.photonweld.com\/de\/wp-json\/wp\/v2\/product_tag?post=2930"}],"curies":[{"name":"wp","href":"https:\/\/api.w.org\/{rel}","templated":true}]}}