{"id":3020,"date":"2023-11-16T15:17:11","date_gmt":"2023-11-16T12:17:11","guid":{"rendered":"https:\/\/shop.photonweld.com\/shop\/unkategorisiert\/tragbares-digitales-laserschweissmikroskop\/"},"modified":"2023-11-16T15:17:11","modified_gmt":"2023-11-16T12:17:11","slug":"tragbares-digitales-laserschweissmikroskop","status":"publish","type":"product","link":"https:\/\/shop.photonweld.com\/de\/shop\/laserschweiszubehor\/qualitat-beim-laserschweisen\/tragbares-digitales-laserschweissmikroskop\/","title":{"rendered":"Tragbares digitales Laserschwei\u00dfmikroskop"},"content":{"rendered":"<p>Tragbares digitales Mikroskop Schwei\u00dfmikroskop:<\/p>\n<blockquote><p>Beschreibung<\/p><\/blockquote>\n<p>1000-fache Vergr\u00f6\u00dferung &#8211; Damit k\u00f6nnen Sie die Beobachtungsdetails bis zu einer 1000-fachen Vergr\u00f6\u00dferung betrachten. Die tats\u00e4chliche Vergr\u00f6\u00dferung h\u00e4ngt von der Bildschirmgr\u00f6\u00dfe, dem Abstand zwischen den Kameras und dem Blickwinkel ab.<br \/>\nH\u00f6henverstellbarer St\u00e4nder &#8211; Der h\u00f6henverstellbare St\u00e4nder kann den Abstand zwischen der Kamera und dem Objekt einstellen, wodurch dieses Mikroskop einen gr\u00f6\u00dferen Objektabstand als andere Mikroskope hat. Je gr\u00f6\u00dfer die Entfernung, desto k\u00fcrzer die Vergr\u00f6\u00dferungszeit.<br \/>\nMerkmale:High Definition,PORTABLE,Digital<br \/>\nZiehrohr: Monokular<br \/>\nVergr\u00f6\u00dferungsverh\u00e4ltnis:1000X<br \/>\nPaketinhalt:<br \/>\n1*Mikroskop<br \/>\n1* Grundplatte<br \/>\n1*St\u00fctzstange<br \/>\n1*Verstellbarer B\u00fcgel<br \/>\nNur der oben genannte Paketinhalt, andere Produkte sind nicht enthalten.<br \/>\nHinweis: Aufgrund von Lichtreflexionen und unterschiedlichen Displays kann die Farbe des Artikels auf dem Bild ein wenig von der tats\u00e4chlichen Farbe abweichen.  <\/p>\n","protected":false},"excerpt":{"rendered":"<p>Optische Gr\u00f6\u00dfe: 1\/4&#8243;<br \/>\nVergr\u00f6\u00dferung: 50X-1000X<br \/>\nFokusbereich: 10~40mm<br \/>\nEmpfindlichkeit: 4300mV\/lux-sec<br \/>\nAufl\u00f6sung: 640*480, 1280*720, 1920*1080<\/p>\n","protected":false},"featured_media":1998,"comment_status":"open","ping_status":"closed","template":"","meta":[],"product_brand":[],"product_cat":[309],"product_tag":[],"class_list":{"0":"post-3020","1":"product","2":"type-product","3":"status-publish","4":"has-post-thumbnail","6":"product_cat-qualitat-beim-laserschweisen","8":"first","9":"instock","10":"taxable","11":"shipping-taxable","12":"purchasable","13":"product-type-simple"},"_links":{"self":[{"href":"https:\/\/shop.photonweld.com\/de\/wp-json\/wp\/v2\/product\/3020","targetHints":{"allow":["GET"]}}],"collection":[{"href":"https:\/\/shop.photonweld.com\/de\/wp-json\/wp\/v2\/product"}],"about":[{"href":"https:\/\/shop.photonweld.com\/de\/wp-json\/wp\/v2\/types\/product"}],"replies":[{"embeddable":true,"href":"https:\/\/shop.photonweld.com\/de\/wp-json\/wp\/v2\/comments?post=3020"}],"wp:featuredmedia":[{"embeddable":true,"href":"https:\/\/shop.photonweld.com\/de\/wp-json\/wp\/v2\/media\/1998"}],"wp:attachment":[{"href":"https:\/\/shop.photonweld.com\/de\/wp-json\/wp\/v2\/media?parent=3020"}],"wp:term":[{"taxonomy":"product_brand","embeddable":true,"href":"https:\/\/shop.photonweld.com\/de\/wp-json\/wp\/v2\/product_brand?post=3020"},{"taxonomy":"product_cat","embeddable":true,"href":"https:\/\/shop.photonweld.com\/de\/wp-json\/wp\/v2\/product_cat?post=3020"},{"taxonomy":"product_tag","embeddable":true,"href":"https:\/\/shop.photonweld.com\/de\/wp-json\/wp\/v2\/product_tag?post=3020"}],"curies":[{"name":"wp","href":"https:\/\/api.w.org\/{rel}","templated":true}]}}