{"id":3564,"date":"2023-10-05T15:29:14","date_gmt":"2023-10-05T12:29:14","guid":{"rendered":"https:\/\/shop.photonweld.com\/shop\/unkategorisiert\/b-kupferduese\/"},"modified":"2023-10-05T15:29:14","modified_gmt":"2023-10-05T12:29:14","slug":"b-kupferduese","status":"publish","type":"product","link":"https:\/\/shop.photonweld.com\/de\/shop\/laserschweis-verbrauchsmaterialien\/laser-welding-consumables-a-pro-series-de\/dusen-a-pro\/b-kupferduese\/","title":{"rendered":"B Kupferd\u00fcse"},"content":{"rendered":"","protected":false},"excerpt":{"rendered":"<p>B KUPFERD\u00dcSEN-\u00d8. 0,8mm bis 2,0mm <\/p>\n<p><em>Hinweis: Wird beim Drahtvorschub-Schneiderschwei\u00dfen verwendet.<\/em><\/p>\n","protected":false},"featured_media":1770,"comment_status":"open","ping_status":"closed","template":"","meta":[],"product_brand":[],"product_cat":[217,222,216],"product_tag":[157],"class_list":{"0":"post-3564","1":"product","2":"type-product","3":"status-publish","4":"has-post-thumbnail","6":"product_cat-laser-welding-consumables-a-pro-series-de","7":"product_cat-dusen-a-pro","8":"product_cat-laserschweis-verbrauchsmaterialien","9":"product_tag-a-pro-de","11":"first","12":"instock","13":"taxable","14":"shipping-taxable","15":"purchasable","16":"product-type-variable"},"_links":{"self":[{"href":"https:\/\/shop.photonweld.com\/de\/wp-json\/wp\/v2\/product\/3564","targetHints":{"allow":["GET"]}}],"collection":[{"href":"https:\/\/shop.photonweld.com\/de\/wp-json\/wp\/v2\/product"}],"about":[{"href":"https:\/\/shop.photonweld.com\/de\/wp-json\/wp\/v2\/types\/product"}],"replies":[{"embeddable":true,"href":"https:\/\/shop.photonweld.com\/de\/wp-json\/wp\/v2\/comments?post=3564"}],"wp:featuredmedia":[{"embeddable":true,"href":"https:\/\/shop.photonweld.com\/de\/wp-json\/wp\/v2\/media\/1770"}],"wp:attachment":[{"href":"https:\/\/shop.photonweld.com\/de\/wp-json\/wp\/v2\/media?parent=3564"}],"wp:term":[{"taxonomy":"product_brand","embeddable":true,"href":"https:\/\/shop.photonweld.com\/de\/wp-json\/wp\/v2\/product_brand?post=3564"},{"taxonomy":"product_cat","embeddable":true,"href":"https:\/\/shop.photonweld.com\/de\/wp-json\/wp\/v2\/product_cat?post=3564"},{"taxonomy":"product_tag","embeddable":true,"href":"https:\/\/shop.photonweld.com\/de\/wp-json\/wp\/v2\/product_tag?post=3564"}],"curies":[{"name":"wp","href":"https:\/\/api.w.org\/{rel}","templated":true}]}}