{"id":3575,"date":"2023-10-05T16:12:53","date_gmt":"2023-10-05T13:12:53","guid":{"rendered":"https:\/\/shop.photonweld.com\/shop\/unkategorisiert\/d-kupferduese\/"},"modified":"2023-10-05T16:12:53","modified_gmt":"2023-10-05T13:12:53","slug":"d-kupferduese","status":"publish","type":"product","link":"https:\/\/shop.photonweld.com\/de\/shop\/laserschweis-verbrauchsmaterialien\/laser-welding-consumables-a-pro-series-de\/dusen-a-pro\/d-kupferduese\/","title":{"rendered":"D Kupferd\u00fcse"},"content":{"rendered":"","protected":false},"excerpt":{"rendered":"<p>D Kupferd\u00fcse<\/p>\n<p><em>Hinweis: Wird f\u00fcr das Schneiderschwei\u00dfen ohne Drahtzuf\u00fchrung und das interne Kehlnahtschwei\u00dfen verwendet.<\/em><\/p>\n","protected":false},"featured_media":1776,"comment_status":"open","ping_status":"closed","template":"","meta":[],"product_brand":[],"product_cat":[217,222,216],"product_tag":[157],"class_list":{"0":"post-3575","1":"product","2":"type-product","3":"status-publish","4":"has-post-thumbnail","6":"product_cat-laser-welding-consumables-a-pro-series-de","7":"product_cat-dusen-a-pro","8":"product_cat-laserschweis-verbrauchsmaterialien","9":"product_tag-a-pro-de","11":"first","12":"instock","13":"taxable","14":"shipping-taxable","15":"purchasable","16":"product-type-simple"},"_links":{"self":[{"href":"https:\/\/shop.photonweld.com\/de\/wp-json\/wp\/v2\/product\/3575","targetHints":{"allow":["GET"]}}],"collection":[{"href":"https:\/\/shop.photonweld.com\/de\/wp-json\/wp\/v2\/product"}],"about":[{"href":"https:\/\/shop.photonweld.com\/de\/wp-json\/wp\/v2\/types\/product"}],"replies":[{"embeddable":true,"href":"https:\/\/shop.photonweld.com\/de\/wp-json\/wp\/v2\/comments?post=3575"}],"wp:featuredmedia":[{"embeddable":true,"href":"https:\/\/shop.photonweld.com\/de\/wp-json\/wp\/v2\/media\/1776"}],"wp:attachment":[{"href":"https:\/\/shop.photonweld.com\/de\/wp-json\/wp\/v2\/media?parent=3575"}],"wp:term":[{"taxonomy":"product_brand","embeddable":true,"href":"https:\/\/shop.photonweld.com\/de\/wp-json\/wp\/v2\/product_brand?post=3575"},{"taxonomy":"product_cat","embeddable":true,"href":"https:\/\/shop.photonweld.com\/de\/wp-json\/wp\/v2\/product_cat?post=3575"},{"taxonomy":"product_tag","embeddable":true,"href":"https:\/\/shop.photonweld.com\/de\/wp-json\/wp\/v2\/product_tag?post=3575"}],"curies":[{"name":"wp","href":"https:\/\/api.w.org\/{rel}","templated":true}]}}