{"id":3649,"date":"2023-11-01T17:59:38","date_gmt":"2023-11-01T14:59:38","guid":{"rendered":"https:\/\/shop.photonweld.com\/shop\/unkategorisiert\/fuehrungsduese-fuer-drahtvorschub-m5-16mm\/"},"modified":"2023-11-01T17:59:38","modified_gmt":"2023-11-01T14:59:38","slug":"fuehrungsduese-fuer-drahtvorschub-m5-16mm","status":"publish","type":"product","link":"https:\/\/shop.photonweld.com\/de\/shop\/laserschweis-verbrauchsmaterialien\/laser-welding-consumables-a-pro-series-de\/dusen-a-pro\/fuehrungsduese-fuer-drahtvorschub-m5-16mm\/","title":{"rendered":"F\u00fchrungsd\u00fcse f\u00fcr Drahtvorschub M5-16mm"},"content":{"rendered":"","protected":false},"excerpt":{"rendered":"<p>F\u00fchrungsd\u00fcse f\u00fcr Drahtvorschub M5-16mm<\/p>\n","protected":false},"featured_media":1788,"comment_status":"open","ping_status":"closed","template":"","meta":[],"product_brand":[],"product_cat":[217,228,222,231,216],"product_tag":[157,259],"class_list":{"0":"post-3649","1":"product","2":"type-product","3":"status-publish","4":"has-post-thumbnail","6":"product_cat-laser-welding-consumables-a-pro-series-de","7":"product_cat-laserschweiss-verbrauchsmaterialien-a1-a2-series","8":"product_cat-dusen-a-pro","9":"product_cat-duesen-a1-a2","10":"product_cat-laserschweis-verbrauchsmaterialien","11":"product_tag-a-pro-de","12":"product_tag-dusen-a1a2","14":"first","15":"instock","16":"taxable","17":"shipping-taxable","18":"purchasable","19":"product-type-variable"},"_links":{"self":[{"href":"https:\/\/shop.photonweld.com\/de\/wp-json\/wp\/v2\/product\/3649","targetHints":{"allow":["GET"]}}],"collection":[{"href":"https:\/\/shop.photonweld.com\/de\/wp-json\/wp\/v2\/product"}],"about":[{"href":"https:\/\/shop.photonweld.com\/de\/wp-json\/wp\/v2\/types\/product"}],"replies":[{"embeddable":true,"href":"https:\/\/shop.photonweld.com\/de\/wp-json\/wp\/v2\/comments?post=3649"}],"wp:featuredmedia":[{"embeddable":true,"href":"https:\/\/shop.photonweld.com\/de\/wp-json\/wp\/v2\/media\/1788"}],"wp:attachment":[{"href":"https:\/\/shop.photonweld.com\/de\/wp-json\/wp\/v2\/media?parent=3649"}],"wp:term":[{"taxonomy":"product_brand","embeddable":true,"href":"https:\/\/shop.photonweld.com\/de\/wp-json\/wp\/v2\/product_brand?post=3649"},{"taxonomy":"product_cat","embeddable":true,"href":"https:\/\/shop.photonweld.com\/de\/wp-json\/wp\/v2\/product_cat?post=3649"},{"taxonomy":"product_tag","embeddable":true,"href":"https:\/\/shop.photonweld.com\/de\/wp-json\/wp\/v2\/product_tag?post=3649"}],"curies":[{"name":"wp","href":"https:\/\/api.w.org\/{rel}","templated":true}]}}