{"id":3722,"date":"2025-02-07T17:10:16","date_gmt":"2025-02-07T14:10:16","guid":{"rendered":"https:\/\/shop.photonweld.com\/shop\/unkategorisiert\/doppelte-fuehrungsduese-fuer-den-drahtvorschub\/"},"modified":"2025-02-07T17:10:16","modified_gmt":"2025-02-07T14:10:16","slug":"doppelte-fuehrungsduese-fuer-den-drahtvorschub","status":"publish","type":"product","link":"https:\/\/shop.photonweld.com\/de\/shop\/laserschweis-verbrauchsmaterialien\/laserschweiss-verbrauchsmaterialien-a1-a2-series\/duesen-a1-a2\/doppelte-fuehrungsduese-fuer-den-drahtvorschub\/","title":{"rendered":"Doppelte F\u00fchrungsd\u00fcse f\u00fcr den Drahtvorschub"},"content":{"rendered":"","protected":false},"excerpt":{"rendered":"<p>Doppelte Drahtvorschubd\u00fcse<\/p>\n","protected":false},"featured_media":3271,"comment_status":"open","ping_status":"closed","template":"","meta":[],"product_brand":[],"product_cat":[228,231,216],"product_tag":[259],"class_list":{"0":"post-3722","1":"product","2":"type-product","3":"status-publish","4":"has-post-thumbnail","6":"product_cat-laserschweiss-verbrauchsmaterialien-a1-a2-series","7":"product_cat-duesen-a1-a2","8":"product_cat-laserschweis-verbrauchsmaterialien","9":"product_tag-dusen-a1a2","11":"first","12":"instock","13":"taxable","14":"shipping-taxable","15":"purchasable","16":"product-type-variable"},"_links":{"self":[{"href":"https:\/\/shop.photonweld.com\/de\/wp-json\/wp\/v2\/product\/3722","targetHints":{"allow":["GET"]}}],"collection":[{"href":"https:\/\/shop.photonweld.com\/de\/wp-json\/wp\/v2\/product"}],"about":[{"href":"https:\/\/shop.photonweld.com\/de\/wp-json\/wp\/v2\/types\/product"}],"replies":[{"embeddable":true,"href":"https:\/\/shop.photonweld.com\/de\/wp-json\/wp\/v2\/comments?post=3722"}],"wp:featuredmedia":[{"embeddable":true,"href":"https:\/\/shop.photonweld.com\/de\/wp-json\/wp\/v2\/media\/3271"}],"wp:attachment":[{"href":"https:\/\/shop.photonweld.com\/de\/wp-json\/wp\/v2\/media?parent=3722"}],"wp:term":[{"taxonomy":"product_brand","embeddable":true,"href":"https:\/\/shop.photonweld.com\/de\/wp-json\/wp\/v2\/product_brand?post=3722"},{"taxonomy":"product_cat","embeddable":true,"href":"https:\/\/shop.photonweld.com\/de\/wp-json\/wp\/v2\/product_cat?post=3722"},{"taxonomy":"product_tag","embeddable":true,"href":"https:\/\/shop.photonweld.com\/de\/wp-json\/wp\/v2\/product_tag?post=3722"}],"curies":[{"name":"wp","href":"https:\/\/api.w.org\/{rel}","templated":true}]}}