{"id":3895,"date":"2025-02-10T16:57:37","date_gmt":"2025-02-10T13:57:37","guid":{"rendered":"https:\/\/shop.photonweld.com\/shop\/unkategorisiert\/schuetzende-fensterschale\/"},"modified":"2025-02-10T16:57:37","modified_gmt":"2025-02-10T13:57:37","slug":"schuetzende-fensterschale","status":"publish","type":"product","link":"https:\/\/shop.photonweld.com\/de\/shop\/laserschweisteile\/a1-a2-series-ersatzteile-de\/schuetzende-fensterschale\/","title":{"rendered":"Sch\u00fctzende Fensterschale"},"content":{"rendered":"","protected":false},"excerpt":{"rendered":"<p>Schutzh\u00fclle f\u00fcr das Fenster<\/p>\n","protected":false},"featured_media":3294,"comment_status":"open","ping_status":"closed","template":"","meta":[],"product_brand":[],"product_cat":[243,237],"product_tag":[324],"class_list":{"0":"post-3895","1":"product","2":"type-product","3":"status-publish","4":"has-post-thumbnail","6":"product_cat-a1-a2-series-ersatzteile-de","7":"product_cat-laserschweisteile","8":"product_tag-a1a2-de","10":"first","11":"instock","12":"taxable","13":"shipping-taxable","14":"purchasable","15":"product-type-simple"},"_links":{"self":[{"href":"https:\/\/shop.photonweld.com\/de\/wp-json\/wp\/v2\/product\/3895","targetHints":{"allow":["GET"]}}],"collection":[{"href":"https:\/\/shop.photonweld.com\/de\/wp-json\/wp\/v2\/product"}],"about":[{"href":"https:\/\/shop.photonweld.com\/de\/wp-json\/wp\/v2\/types\/product"}],"replies":[{"embeddable":true,"href":"https:\/\/shop.photonweld.com\/de\/wp-json\/wp\/v2\/comments?post=3895"}],"wp:featuredmedia":[{"embeddable":true,"href":"https:\/\/shop.photonweld.com\/de\/wp-json\/wp\/v2\/media\/3294"}],"wp:attachment":[{"href":"https:\/\/shop.photonweld.com\/de\/wp-json\/wp\/v2\/media?parent=3895"}],"wp:term":[{"taxonomy":"product_brand","embeddable":true,"href":"https:\/\/shop.photonweld.com\/de\/wp-json\/wp\/v2\/product_brand?post=3895"},{"taxonomy":"product_cat","embeddable":true,"href":"https:\/\/shop.photonweld.com\/de\/wp-json\/wp\/v2\/product_cat?post=3895"},{"taxonomy":"product_tag","embeddable":true,"href":"https:\/\/shop.photonweld.com\/de\/wp-json\/wp\/v2\/product_tag?post=3895"}],"curies":[{"name":"wp","href":"https:\/\/api.w.org\/{rel}","templated":true}]}}