{"id":2069,"date":"2023-11-16T16:12:46","date_gmt":"2023-11-16T13:12:46","guid":{"rendered":"https:\/\/shop.photonweld.com\/shop\/uncategorized\/tapis-en-caoutchouc\/"},"modified":"2024-07-18T11:36:45","modified_gmt":"2024-07-18T08:36:45","slug":"tapis-en-caoutchouc","status":"publish","type":"product","link":"https:\/\/shop.photonweld.com\/fr\/shop\/accessoires-pour-le-soudage-au-laser\/tapis-en-caoutchouc\/","title":{"rendered":"Tapis en caoutchouc"},"content":{"rendered":"<p>Ce tapis isolant permet d&rsquo;\u00e9viter tout accident. La torche a toujours une position fixe sur la table et ne s&rsquo;ab\u00eeme pas gr\u00e2ce au m\u00e9lange isolant en caoutchouc souple et en silicone. La torche est enti\u00e8rement isol\u00e9e de la table ou de la pi\u00e8ce et garantit qu&rsquo;aucune source laser non sollicit\u00e9e n&rsquo;est activ\u00e9e par la torche sur la table nue. La s\u00e9curit\u00e9 avant tout.<\/p>\n","protected":false},"excerpt":{"rendered":"<p>Tapis de table isolant et r\u00e9sistant \u00e0 la chaleur<br \/>\n350x250mm<\/p>\n","protected":false},"featured_media":2018,"comment_status":"open","ping_status":"closed","template":"","meta":[],"product_brand":[],"product_cat":[163],"product_tag":[],"class_list":{"0":"post-2069","1":"product","2":"type-product","3":"status-publish","4":"has-post-thumbnail","6":"product_cat-accessoires-pour-le-soudage-au-laser","8":"first","9":"instock","10":"taxable","11":"shipping-taxable","12":"purchasable","13":"product-type-simple"},"_links":{"self":[{"href":"https:\/\/shop.photonweld.com\/fr\/wp-json\/wp\/v2\/product\/2069","targetHints":{"allow":["GET"]}}],"collection":[{"href":"https:\/\/shop.photonweld.com\/fr\/wp-json\/wp\/v2\/product"}],"about":[{"href":"https:\/\/shop.photonweld.com\/fr\/wp-json\/wp\/v2\/types\/product"}],"replies":[{"embeddable":true,"href":"https:\/\/shop.photonweld.com\/fr\/wp-json\/wp\/v2\/comments?post=2069"}],"wp:featuredmedia":[{"embeddable":true,"href":"https:\/\/shop.photonweld.com\/fr\/wp-json\/wp\/v2\/media\/2018"}],"wp:attachment":[{"href":"https:\/\/shop.photonweld.com\/fr\/wp-json\/wp\/v2\/media?parent=2069"}],"wp:term":[{"taxonomy":"product_brand","embeddable":true,"href":"https:\/\/shop.photonweld.com\/fr\/wp-json\/wp\/v2\/product_brand?post=2069"},{"taxonomy":"product_cat","embeddable":true,"href":"https:\/\/shop.photonweld.com\/fr\/wp-json\/wp\/v2\/product_cat?post=2069"},{"taxonomy":"product_tag","embeddable":true,"href":"https:\/\/shop.photonweld.com\/fr\/wp-json\/wp\/v2\/product_tag?post=2069"}],"curies":[{"name":"wp","href":"https:\/\/api.w.org\/{rel}","templated":true}]}}