{"id":2330,"date":"2023-10-04T15:23:19","date_gmt":"2023-10-04T12:23:19","guid":{"rendered":"https:\/\/shop.photonweld.com\/shop\/non%20class\u00e9\/photonweld-a-pro-t70\/"},"modified":"2024-05-15T15:12:17","modified_gmt":"2024-05-15T12:12:17","slug":"photonweld-a-pro-t70","status":"publish","type":"product","link":"https:\/\/shop.photonweld.com\/fr\/shop\/machines-de-soudage-laser\/a-pro-series-fr\/photonweld-a-pro-t70\/","title":{"rendered":"PhotonWeld A-PRO-T70"},"content":{"rendered":"","protected":false},"excerpt":{"rendered":"<p style=\"text-align: left;\"><strong>S\u00e9rie refroidie par air avec pompe \u00e0 chaleur \u00e0 compresseur<\/strong><\/p>\n<p style=\"text-align: left;\">P\u00e9n\u00e9tration maximale de la soudure &#8211; Soudage d&rsquo;un seul c\u00f4t\u00e9 :<\/p>\n<p style=\"text-align: left;\"><i class=\"icon-check\" style=\"color: green;\"><\/i>Acier inoxydable : 7,0mm<\/p>\n<p style=\"text-align: left;\"><i class=\"icon-check\" style=\"color: green;\"><\/i>Acier au carbone : 7,0mm<\/p>\n<p style=\"text-align: left;\"><i class=\"icon-check\" style=\"color: green;\"><\/i>T\u00f4le galvanis\u00e9e : 6,0mm<\/p>\n<p style=\"text-align: left;\"><i class=\"icon-check\" style=\"color: green;\"><\/i>Acier Corten : 5,0mm<\/p>\n<p style=\"text-align: left;\"><i class=\"icon-check\" style=\"color: green;\"><\/i>Aluminium s\u00e9rie 3000-5000 : 6,0mm<\/p>\n<p style=\"text-align: left;\"><i class=\"icon-check\" style=\"color: green;\"><\/i>Aluminium s\u00e9rie 6000 : 4,5mm<\/p>\n<p style=\"text-align: left;\"><i class=\"icon-check\" style=\"color: green;\"><\/i>Laiton : 3,5mm<\/p>\n<p style=\"text-align: left;\"><i class=\"icon-check\" style=\"color: green;\"><\/i>Cuivre : 3,0mm<\/p>\n<p style=\"text-align: left;\"><i class=\"icon-check\" style=\"color: green;\"><\/i>Titane : 4,5mm<\/p>\n<p style=\"text-align: left;\"><i class=\"icon-check\" style=\"color: green;\"><\/i>Zinc &gt;98% : 3,5mm<\/p>\n","protected":false},"featured_media":2533,"comment_status":"open","ping_status":"closed","template":"","meta":[],"product_brand":[],"product_cat":[201,167],"product_tag":[158],"class_list":{"0":"post-2330","1":"product","2":"type-product","3":"status-publish","4":"has-post-thumbnail","6":"product_cat-a-pro-series-fr","7":"product_cat-machines-de-soudage-laser","8":"product_tag-a-pro-fr","10":"first","11":"instock","12":"taxable","13":"shipping-taxable","14":"purchasable","15":"product-type-variable","16":"has-default-attributes"},"_links":{"self":[{"href":"https:\/\/shop.photonweld.com\/fr\/wp-json\/wp\/v2\/product\/2330","targetHints":{"allow":["GET"]}}],"collection":[{"href":"https:\/\/shop.photonweld.com\/fr\/wp-json\/wp\/v2\/product"}],"about":[{"href":"https:\/\/shop.photonweld.com\/fr\/wp-json\/wp\/v2\/types\/product"}],"replies":[{"embeddable":true,"href":"https:\/\/shop.photonweld.com\/fr\/wp-json\/wp\/v2\/comments?post=2330"}],"wp:featuredmedia":[{"embeddable":true,"href":"https:\/\/shop.photonweld.com\/fr\/wp-json\/wp\/v2\/media\/2533"}],"wp:attachment":[{"href":"https:\/\/shop.photonweld.com\/fr\/wp-json\/wp\/v2\/media?parent=2330"}],"wp:term":[{"taxonomy":"product_brand","embeddable":true,"href":"https:\/\/shop.photonweld.com\/fr\/wp-json\/wp\/v2\/product_brand?post=2330"},{"taxonomy":"product_cat","embeddable":true,"href":"https:\/\/shop.photonweld.com\/fr\/wp-json\/wp\/v2\/product_cat?post=2330"},{"taxonomy":"product_tag","embeddable":true,"href":"https:\/\/shop.photonweld.com\/fr\/wp-json\/wp\/v2\/product_tag?post=2330"}],"curies":[{"name":"wp","href":"https:\/\/api.w.org\/{rel}","templated":true}]}}