{"id":2929,"date":"2024-07-12T15:18:08","date_gmt":"2024-07-12T12:18:08","guid":{"rendered":"https:\/\/shop.photonweld.com\/shop\/non class\u00e9\/cabine-de-protection-pour-le-soudage-au-laser\/"},"modified":"2024-07-12T15:18:08","modified_gmt":"2024-07-12T12:18:08","slug":"cabine-de-protection-pour-le-soudage-au-laser","status":"publish","type":"product","link":"https:\/\/shop.photonweld.com\/fr\/shop\/securite-du-soudage-laser-photonsafe\/soudage-laser-protection-de-lespace-et-de-lenvironnement\/cabine-de-protection-pour-le-soudage-au-laser\/","title":{"rendered":"Cabine de protection pour le soudage au laser"},"content":{"rendered":"","protected":false},"excerpt":{"rendered":"<div>\n<p><strong>Ce produit vous int\u00e9resse ?<\/strong><\/p>\n<p>Chez PhotonWeld, nous comprenons que chaque projet est unique. Pour les produits dont le prix n&rsquo;est pas indiqu\u00e9, nous vous invitons \u00e0 nous contacter et \u00e0 <span style=\"text-decoration: underline;\">nous faire part de vos besoins sp\u00e9cifiques<\/span>. Qu&rsquo;il s&rsquo;agisse de dimensions, de tailles ou de pr\u00e9f\u00e9rences particuli\u00e8res, notre \u00e9quipe est l\u00e0 pour vous aider \u00e0 cr\u00e9er une solution sur mesure qui r\u00e9ponde exactement \u00e0 vos besoins.<\/p>\n<p>Contactez-nous pour un devis personnalis\u00e9 !<\/p>\n<p><a class=\"quote-button\" href=\"mailto:contact@shop.photonweld.com\"><strong>Obtenir un devis<\/strong><\/a><\/div>\n","protected":false},"featured_media":2774,"comment_status":"open","ping_status":"closed","template":"","meta":[],"product_brand":[],"product_cat":[307,304],"product_tag":[],"class_list":{"0":"post-2929","1":"product","2":"type-product","3":"status-publish","4":"has-post-thumbnail","6":"product_cat-securite-du-soudage-laser-photonsafe","7":"product_cat-soudage-laser-protection-de-lespace-et-de-lenvironnement","9":"first","10":"instock","11":"taxable","12":"shipping-taxable","13":"purchasable","14":"product-type-simple"},"_links":{"self":[{"href":"https:\/\/shop.photonweld.com\/fr\/wp-json\/wp\/v2\/product\/2929","targetHints":{"allow":["GET"]}}],"collection":[{"href":"https:\/\/shop.photonweld.com\/fr\/wp-json\/wp\/v2\/product"}],"about":[{"href":"https:\/\/shop.photonweld.com\/fr\/wp-json\/wp\/v2\/types\/product"}],"replies":[{"embeddable":true,"href":"https:\/\/shop.photonweld.com\/fr\/wp-json\/wp\/v2\/comments?post=2929"}],"wp:featuredmedia":[{"embeddable":true,"href":"https:\/\/shop.photonweld.com\/fr\/wp-json\/wp\/v2\/media\/2774"}],"wp:attachment":[{"href":"https:\/\/shop.photonweld.com\/fr\/wp-json\/wp\/v2\/media?parent=2929"}],"wp:term":[{"taxonomy":"product_brand","embeddable":true,"href":"https:\/\/shop.photonweld.com\/fr\/wp-json\/wp\/v2\/product_brand?post=2929"},{"taxonomy":"product_cat","embeddable":true,"href":"https:\/\/shop.photonweld.com\/fr\/wp-json\/wp\/v2\/product_cat?post=2929"},{"taxonomy":"product_tag","embeddable":true,"href":"https:\/\/shop.photonweld.com\/fr\/wp-json\/wp\/v2\/product_tag?post=2929"}],"curies":[{"name":"wp","href":"https:\/\/api.w.org\/{rel}","templated":true}]}}