{"id":3021,"date":"2023-11-16T15:17:11","date_gmt":"2023-11-16T12:17:11","guid":{"rendered":"https:\/\/shop.photonweld.com\/shop\/non class\u00e9\/microscope-de-soudage-laser-numerique-portable\/"},"modified":"2023-11-16T15:17:11","modified_gmt":"2023-11-16T12:17:11","slug":"microscope-de-soudage-laser-numerique-portable","status":"publish","type":"product","link":"https:\/\/shop.photonweld.com\/fr\/shop\/accessoires-pour-le-soudage-au-laser\/qualite-du-soudage-laser\/microscope-de-soudage-laser-numerique-portable\/","title":{"rendered":"Microscope de soudage laser num\u00e9rique portable"},"content":{"rendered":"<p>Microscope num\u00e9rique portable Microscope de soudage :<\/p>\n<blockquote><p>Description<\/p><\/blockquote>\n<p>Grossissement 1000X &#8211; Cette fonction vous permet d&rsquo;effectuer un zoom avant et de visualiser les d\u00e9tails de l&rsquo;observation jusqu&rsquo;\u00e0 un grossissement de 1000X. Le grossissement r\u00e9el varie en fonction de la taille de l&rsquo;\u00e9cran, de la distance entre les cam\u00e9ras et de la visualisation.<br \/>\nPied r\u00e9glable en hauteur &#8211; Le pied r\u00e9glable en hauteur permet d&rsquo;ajuster la distance entre la cam\u00e9ra et l&rsquo;objet, ce qui permet \u00e0 ce microscope d&rsquo;avoir une plus grande distance avec l&rsquo;objet que les autres microscopes. Plus la distance augmente, plus la dur\u00e9e du zoom avant diminue.<br \/>\nCaract\u00e9ristiques:Haute d\u00e9finition,PORTABLE,Num\u00e9rique<br \/>\nTube de tirage : Monoculaire<br \/>\nTaux de grossissement : 1000X<br \/>\nContenu du paquet :<br \/>\n1*microscope<br \/>\n1* plaque de base<br \/>\n1*tige de support<br \/>\n1*support r\u00e9glable<br \/>\nSeul le contenu de l&#8217;emballage ci-dessus est inclus, les autres produits ne sont pas inclus.<br \/>\nRemarque : En raison des reflets de la lumi\u00e8re et des diff\u00e9rences d&rsquo;affichage, la couleur de l&rsquo;article figurant sur la photo peut \u00eatre l\u00e9g\u00e8rement diff\u00e9rente de la couleur r\u00e9elle.  <\/p>\n","protected":false},"excerpt":{"rendered":"<p>Taille de l&rsquo;optique : 1\/4&Prime;<br \/>\nGrossissement : 50X-1000X<br \/>\nPlage de mise au point : 10~40mm<br \/>\nSensibilit\u00e9 : 4300mV\/lux-sec<br \/>\nR\u00e9solution : 640*480, 1280*720, 1920*1080<\/p>\n","protected":false},"featured_media":1997,"comment_status":"open","ping_status":"closed","template":"","meta":[],"product_brand":[],"product_cat":[310],"product_tag":[],"class_list":{"0":"post-3021","1":"product","2":"type-product","3":"status-publish","4":"has-post-thumbnail","6":"product_cat-qualite-du-soudage-laser","8":"first","9":"instock","10":"taxable","11":"shipping-taxable","12":"purchasable","13":"product-type-simple"},"_links":{"self":[{"href":"https:\/\/shop.photonweld.com\/fr\/wp-json\/wp\/v2\/product\/3021","targetHints":{"allow":["GET"]}}],"collection":[{"href":"https:\/\/shop.photonweld.com\/fr\/wp-json\/wp\/v2\/product"}],"about":[{"href":"https:\/\/shop.photonweld.com\/fr\/wp-json\/wp\/v2\/types\/product"}],"replies":[{"embeddable":true,"href":"https:\/\/shop.photonweld.com\/fr\/wp-json\/wp\/v2\/comments?post=3021"}],"wp:featuredmedia":[{"embeddable":true,"href":"https:\/\/shop.photonweld.com\/fr\/wp-json\/wp\/v2\/media\/1997"}],"wp:attachment":[{"href":"https:\/\/shop.photonweld.com\/fr\/wp-json\/wp\/v2\/media?parent=3021"}],"wp:term":[{"taxonomy":"product_brand","embeddable":true,"href":"https:\/\/shop.photonweld.com\/fr\/wp-json\/wp\/v2\/product_brand?post=3021"},{"taxonomy":"product_cat","embeddable":true,"href":"https:\/\/shop.photonweld.com\/fr\/wp-json\/wp\/v2\/product_cat?post=3021"},{"taxonomy":"product_tag","embeddable":true,"href":"https:\/\/shop.photonweld.com\/fr\/wp-json\/wp\/v2\/product_tag?post=3021"}],"curies":[{"name":"wp","href":"https:\/\/api.w.org\/{rel}","templated":true}]}}