{"id":3025,"date":"2023-10-26T13:22:39","date_gmt":"2023-10-26T10:22:39","guid":{"rendered":"https:\/\/shop.photonweld.com\/shop\/non%20class\u00e9\/film-pour-fenetre-de-protection-contre-le-soudage-au-laser\/"},"modified":"2025-06-24T12:01:17","modified_gmt":"2025-06-24T09:01:17","slug":"film-pour-fenetre-de-protection-contre-le-soudage-au-laser","status":"publish","type":"product","link":"https:\/\/shop.photonweld.com\/fr\/shop\/securite-du-soudage-laser-photonsafe\/soudage-laser-protection-de-lespace-et-de-lenvironnement\/film-pour-fenetre-de-protection-contre-le-soudage-au-laser\/","title":{"rendered":"Film pour fen\u00eatre de protection contre le soudage au laser &#8211; 125\u03bcm"},"content":{"rendered":"","protected":false},"excerpt":{"rendered":"<p style=\"text-align: left;\"><i class=\"icon-check\" style=\"color: green;\"><\/i> Niveau de protection OD3-OD4 pour une longueur d&rsquo;onde de 950~1600nm<\/p>\n<p style=\"text-align: left;\"><i class=\"icon-check\" style=\"color: green;\"><\/i> VLT approx. 52-53%<\/p>\n<p style=\"text-align: left;\"><i class=\"icon-check\" style=\"color: green;\"><\/i> Vendu en m\u00e8tres lin\u00e9aires &#8211; largeur approx. 1500mm<\/p>\n<p style=\"text-align: left;\"><i class=\"icon-check\" style=\"color: green;\"><\/i> \u00c9paisseur : 125\u03bcm<\/p>\n<p style=\"text-align: left;\"><i class=\"icon-check\" style=\"color: green;\"><\/i> 3ply = Film compos\u00e9 de 3 couches diff\u00e9rentes<\/p>\n<p style=\"text-align: left;\"><i class=\"icon-check\" style=\"color: green;\"><\/i> Aspect : Transparent, bleu clair<\/p>\n<p style=\"text-align: left;\"><i class=\"icon-check\" style=\"color: green;\"><\/i> Adh\u00e9sif : Adh\u00e9sif sensible \u00e0 la pression<\/p>\n<p style=\"text-align: left;\"><i class=\"icon-check\" style=\"color: green;\"><\/i> Bonne vision des couleurs<\/p>\n<p style=\"text-align: left;\"><i class=\"icon-check\" style=\"color: green;\"><\/i> Protection UV suppl\u00e9mentaire<\/p>\n","protected":false},"featured_media":1736,"comment_status":"open","ping_status":"closed","template":"","meta":[],"product_brand":[],"product_cat":[307,304],"product_tag":[],"class_list":{"0":"post-3025","1":"product","2":"type-product","3":"status-publish","4":"has-post-thumbnail","6":"product_cat-securite-du-soudage-laser-photonsafe","7":"product_cat-soudage-laser-protection-de-lespace-et-de-lenvironnement","9":"first","10":"instock","11":"taxable","12":"shipping-taxable","13":"purchasable","14":"product-type-variable","15":"has-default-attributes"},"_links":{"self":[{"href":"https:\/\/shop.photonweld.com\/fr\/wp-json\/wp\/v2\/product\/3025","targetHints":{"allow":["GET"]}}],"collection":[{"href":"https:\/\/shop.photonweld.com\/fr\/wp-json\/wp\/v2\/product"}],"about":[{"href":"https:\/\/shop.photonweld.com\/fr\/wp-json\/wp\/v2\/types\/product"}],"replies":[{"embeddable":true,"href":"https:\/\/shop.photonweld.com\/fr\/wp-json\/wp\/v2\/comments?post=3025"}],"wp:featuredmedia":[{"embeddable":true,"href":"https:\/\/shop.photonweld.com\/fr\/wp-json\/wp\/v2\/media\/1736"}],"wp:attachment":[{"href":"https:\/\/shop.photonweld.com\/fr\/wp-json\/wp\/v2\/media?parent=3025"}],"wp:term":[{"taxonomy":"product_brand","embeddable":true,"href":"https:\/\/shop.photonweld.com\/fr\/wp-json\/wp\/v2\/product_brand?post=3025"},{"taxonomy":"product_cat","embeddable":true,"href":"https:\/\/shop.photonweld.com\/fr\/wp-json\/wp\/v2\/product_cat?post=3025"},{"taxonomy":"product_tag","embeddable":true,"href":"https:\/\/shop.photonweld.com\/fr\/wp-json\/wp\/v2\/product_tag?post=3025"}],"curies":[{"name":"wp","href":"https:\/\/api.w.org\/{rel}","templated":true}]}}