{"id":3135,"date":"2024-10-25T16:45:58","date_gmt":"2024-10-25T13:45:58","guid":{"rendered":"https:\/\/shop.photonweld.com\/shop\/non%20class\u00e9\/modele-304-monture-ajustable-lunettes-speciales-plus-foncees\/"},"modified":"2026-04-01T17:15:50","modified_gmt":"2026-04-01T14:15:50","slug":"modele-304-monture-ajustable-lunettes-speciales-plus-foncees","status":"publish","type":"product","link":"https:\/\/shop.photonweld.com\/fr\/shop\/securite-du-soudage-laser-photonsafe\/equipement-de-protection-individuelle-epi-pour-le-soudage-au-laser\/lunettes-de-securite-laser\/modele-304-monture-ajustable-lunettes-speciales-plus-foncees\/","title":{"rendered":"Mod\u00e8le 304 &#8211; Monture ajustable Lunettes sp\u00e9ciales plus fonc\u00e9es"},"content":{"rendered":"","protected":false},"excerpt":{"rendered":"<table style=\"height: 144px;\">\n<tbody>\n<tr style=\"height: 18px;\">\n<td style=\"height: 18px; width: 178px; text-align: center;\"><span style=\"color: #000000;\">Couleur du filtre <\/span><\/td>\n<td style=\"height: 18px; width: 163px; text-align: center;\"><span style=\"color: #000000;\">Vert fonc\u00e9<\/span><\/td>\n<\/tr>\n<tr style=\"height: 36px;\">\n<td style=\"height: 36px; width: 178px; text-align: center;\"><span style=\"color: #000000;\">Protection &#8211; ANSI<\/span><\/td>\n<td style=\"height: 36px; width: 163px; text-align: center;\"><span style=\"color: #000000;\">OD 7+ @ 190-450nm<br \/>\n<\/span><span style=\"color: #000000;\">OD 7+ @ 800-1100nm<\/span><\/td>\n<\/tr>\n<tr style=\"height: 18px;\">\n<td style=\"height: 18px; width: 178px; text-align: center;\"><span style=\"color: #000000;\">Transmission<\/span><\/td>\n<td style=\"height: 18px; width: 163px; text-align: center;\"><span style=\"color: #000000;\">VLT 60%<\/span><\/td>\n<\/tr>\n<\/tbody>\n<\/table>\n<p style=\"text-align: center;\"><i class=\"fa fa-download\" style=\"color: #008000;\"><\/i>    <a title=\"Tout ce que vous devez savoir sur la protection des yeux au laser\" href=\"https:\/\/shop.photonweld.com\/wp-content\/uploads\/downloadables\/PhotonSafe_Laser_Protection_2024_06_v2.5.pdf\" target=\"_blank\" rel=\"noopener\">Tout ce que vous devez savoir sur la protection des yeux au laser<\/a><\/p>\n","protected":false},"featured_media":3105,"comment_status":"open","ping_status":"closed","template":"","meta":[],"product_brand":[],"product_cat":[245,248,307],"product_tag":[],"class_list":{"0":"post-3135","1":"product","2":"type-product","3":"status-publish","4":"has-post-thumbnail","6":"product_cat-equipement-de-protection-individuelle-epi-pour-le-soudage-au-laser","7":"product_cat-lunettes-de-securite-laser","8":"product_cat-securite-du-soudage-laser-photonsafe","10":"first","11":"instock","12":"taxable","13":"shipping-taxable","14":"purchasable","15":"product-type-variable","16":"has-default-attributes"},"_links":{"self":[{"href":"https:\/\/shop.photonweld.com\/fr\/wp-json\/wp\/v2\/product\/3135","targetHints":{"allow":["GET"]}}],"collection":[{"href":"https:\/\/shop.photonweld.com\/fr\/wp-json\/wp\/v2\/product"}],"about":[{"href":"https:\/\/shop.photonweld.com\/fr\/wp-json\/wp\/v2\/types\/product"}],"replies":[{"embeddable":true,"href":"https:\/\/shop.photonweld.com\/fr\/wp-json\/wp\/v2\/comments?post=3135"}],"wp:featuredmedia":[{"embeddable":true,"href":"https:\/\/shop.photonweld.com\/fr\/wp-json\/wp\/v2\/media\/3105"}],"wp:attachment":[{"href":"https:\/\/shop.photonweld.com\/fr\/wp-json\/wp\/v2\/media?parent=3135"}],"wp:term":[{"taxonomy":"product_brand","embeddable":true,"href":"https:\/\/shop.photonweld.com\/fr\/wp-json\/wp\/v2\/product_brand?post=3135"},{"taxonomy":"product_cat","embeddable":true,"href":"https:\/\/shop.photonweld.com\/fr\/wp-json\/wp\/v2\/product_cat?post=3135"},{"taxonomy":"product_tag","embeddable":true,"href":"https:\/\/shop.photonweld.com\/fr\/wp-json\/wp\/v2\/product_tag?post=3135"}],"curies":[{"name":"wp","href":"https:\/\/api.w.org\/{rel}","templated":true}]}}