{"id":3866,"date":"2025-02-11T17:40:47","date_gmt":"2025-02-11T14:40:47","guid":{"rendered":"https:\/\/shop.photonweld.com\/shop\/non class\u00e9\/miroir-reflechissant-avec-support\/"},"modified":"2025-02-11T17:40:47","modified_gmt":"2025-02-11T14:40:47","slug":"miroir-reflechissant-avec-support","status":"publish","type":"product","link":"https:\/\/shop.photonweld.com\/fr\/shop\/pieces-de-soudage-laser\/a1-a2-series-pieces-de-rechange-fr\/miroir-reflechissant-avec-support\/","title":{"rendered":"Miroir r\u00e9fl\u00e9chissant avec support"},"content":{"rendered":"","protected":false},"excerpt":{"rendered":"<p>Miroir r\u00e9fl\u00e9chissant avec support \u00e0 30\u00b0 ou 90\u00b0<\/p>\n","protected":false},"featured_media":3322,"comment_status":"open","ping_status":"closed","template":"","meta":[],"product_brand":[],"product_cat":[242,236],"product_tag":[325],"class_list":{"0":"post-3866","1":"product","2":"type-product","3":"status-publish","4":"has-post-thumbnail","6":"product_cat-a1-a2-series-pieces-de-rechange-fr","7":"product_cat-pieces-de-soudage-laser","8":"product_tag-a1a2-fr","10":"first","11":"instock","12":"taxable","13":"shipping-taxable","14":"purchasable","15":"product-type-variable"},"_links":{"self":[{"href":"https:\/\/shop.photonweld.com\/fr\/wp-json\/wp\/v2\/product\/3866","targetHints":{"allow":["GET"]}}],"collection":[{"href":"https:\/\/shop.photonweld.com\/fr\/wp-json\/wp\/v2\/product"}],"about":[{"href":"https:\/\/shop.photonweld.com\/fr\/wp-json\/wp\/v2\/types\/product"}],"replies":[{"embeddable":true,"href":"https:\/\/shop.photonweld.com\/fr\/wp-json\/wp\/v2\/comments?post=3866"}],"wp:featuredmedia":[{"embeddable":true,"href":"https:\/\/shop.photonweld.com\/fr\/wp-json\/wp\/v2\/media\/3322"}],"wp:attachment":[{"href":"https:\/\/shop.photonweld.com\/fr\/wp-json\/wp\/v2\/media?parent=3866"}],"wp:term":[{"taxonomy":"product_brand","embeddable":true,"href":"https:\/\/shop.photonweld.com\/fr\/wp-json\/wp\/v2\/product_brand?post=3866"},{"taxonomy":"product_cat","embeddable":true,"href":"https:\/\/shop.photonweld.com\/fr\/wp-json\/wp\/v2\/product_cat?post=3866"},{"taxonomy":"product_tag","embeddable":true,"href":"https:\/\/shop.photonweld.com\/fr\/wp-json\/wp\/v2\/product_tag?post=3866"}],"curies":[{"name":"wp","href":"https:\/\/api.w.org\/{rel}","templated":true}]}}