{"id":3915,"date":"2025-02-28T16:58:15","date_gmt":"2025-02-28T13:58:15","guid":{"rendered":"https:\/\/shop.photonweld.com\/shop\/non class\u00e9\/carte-dentrainement-a-frequence-variable\/"},"modified":"2025-02-28T16:58:15","modified_gmt":"2025-02-28T13:58:15","slug":"carte-dentrainement-a-frequence-variable","status":"publish","type":"product","link":"https:\/\/shop.photonweld.com\/fr\/shop\/pieces-de-soudage-laser\/a-pro-pieces-de-rechange-fr\/carte-dentrainement-a-frequence-variable\/","title":{"rendered":"Carte d&rsquo;entra\u00eenement \u00e0 fr\u00e9quence variable"},"content":{"rendered":"","protected":false},"excerpt":{"rendered":"","protected":false},"featured_media":0,"comment_status":"open","ping_status":"closed","template":"","meta":[],"product_brand":[],"product_cat":[239,236],"product_tag":[158],"class_list":{"0":"post-3915","1":"product","2":"type-product","3":"status-publish","5":"product_cat-a-pro-pieces-de-rechange-fr","6":"product_cat-pieces-de-soudage-laser","7":"product_tag-a-pro-fr","9":"first","10":"instock","11":"taxable","12":"shipping-taxable","13":"purchasable","14":"product-type-simple"},"_links":{"self":[{"href":"https:\/\/shop.photonweld.com\/fr\/wp-json\/wp\/v2\/product\/3915","targetHints":{"allow":["GET"]}}],"collection":[{"href":"https:\/\/shop.photonweld.com\/fr\/wp-json\/wp\/v2\/product"}],"about":[{"href":"https:\/\/shop.photonweld.com\/fr\/wp-json\/wp\/v2\/types\/product"}],"replies":[{"embeddable":true,"href":"https:\/\/shop.photonweld.com\/fr\/wp-json\/wp\/v2\/comments?post=3915"}],"wp:attachment":[{"href":"https:\/\/shop.photonweld.com\/fr\/wp-json\/wp\/v2\/media?parent=3915"}],"wp:term":[{"taxonomy":"product_brand","embeddable":true,"href":"https:\/\/shop.photonweld.com\/fr\/wp-json\/wp\/v2\/product_brand?post=3915"},{"taxonomy":"product_cat","embeddable":true,"href":"https:\/\/shop.photonweld.com\/fr\/wp-json\/wp\/v2\/product_cat?post=3915"},{"taxonomy":"product_tag","embeddable":true,"href":"https:\/\/shop.photonweld.com\/fr\/wp-json\/wp\/v2\/product_tag?post=3915"}],"curies":[{"name":"wp","href":"https:\/\/api.w.org\/{rel}","templated":true}]}}