{"id":4013,"date":"2025-06-24T10:23:54","date_gmt":"2025-06-24T07:23:54","guid":{"rendered":"https:\/\/shop.photonweld.com\/?post_type=product&#038;p=4013"},"modified":"2025-06-24T11:53:58","modified_gmt":"2025-06-24T08:53:58","slug":"film-pour-fenetre-de-protection-contre-le-soudage-au-laser-copy","status":"publish","type":"product","link":"https:\/\/shop.photonweld.com\/fr\/shop\/securite-du-soudage-laser-photonsafe\/soudage-laser-protection-de-lespace-et-de-lenvironnement\/film-pour-fenetre-de-protection-contre-le-soudage-au-laser-copy\/","title":{"rendered":"Film de protection contre le soudage au laser &#8211; 150\u03bcm"},"content":{"rendered":"","protected":false},"excerpt":{"rendered":"<p style=\"text-align: left;\"><i class=\"icon-check\" style=\"color: green;\"><\/i> Niveau de protection OD4-OD5 pour une longueur d&rsquo;onde de 900~2500nm<\/p>\n<p style=\"text-align: left;\"><i class=\"icon-check\" style=\"color: green;\"><\/i> VLT approx. 42-43%<\/p>\n<p style=\"text-align: left;\"><i class=\"icon-check\" style=\"color: green;\"><\/i> Vendu en m\u00e8tres lin\u00e9aires &#8211; largeur approx. 1500mm<\/p>\n<p style=\"text-align: left;\"><i class=\"icon-check\" style=\"color: green;\"><\/i> \u00c9paisseur : 150\u03bcm<\/p>\n<p style=\"text-align: left;\"><i class=\"icon-check\" style=\"color: green;\"><\/i> 3ply = Film compos\u00e9 de 3 couches diff\u00e9rentes<\/p>\n<p style=\"text-align: left;\"><i class=\"icon-check\" style=\"color: green;\"><\/i> Aspect : Transparent, bleu clair<\/p>\n<p style=\"text-align: left;\"><i class=\"icon-check\" style=\"color: green;\"><\/i> Adh\u00e9sif : Adh\u00e9sif sensible \u00e0 la pression<\/p>\n<p style=\"text-align: left;\"><i class=\"icon-check\" style=\"color: green;\"><\/i> Bonne vision des couleurs<\/p>\n<p style=\"text-align: left;\"><i class=\"icon-check\" style=\"color: green;\"><\/i> Protection UV suppl\u00e9mentaire<\/p>\n","protected":false},"featured_media":1736,"comment_status":"open","ping_status":"closed","template":"","meta":[],"product_brand":[],"product_cat":[307,304],"product_tag":[],"class_list":{"0":"post-4013","1":"product","2":"type-product","3":"status-publish","4":"has-post-thumbnail","6":"product_cat-securite-du-soudage-laser-photonsafe","7":"product_cat-soudage-laser-protection-de-lespace-et-de-lenvironnement","9":"first","10":"instock","11":"taxable","12":"shipping-taxable","13":"purchasable","14":"product-type-variable","15":"has-default-attributes"},"_links":{"self":[{"href":"https:\/\/shop.photonweld.com\/fr\/wp-json\/wp\/v2\/product\/4013","targetHints":{"allow":["GET"]}}],"collection":[{"href":"https:\/\/shop.photonweld.com\/fr\/wp-json\/wp\/v2\/product"}],"about":[{"href":"https:\/\/shop.photonweld.com\/fr\/wp-json\/wp\/v2\/types\/product"}],"replies":[{"embeddable":true,"href":"https:\/\/shop.photonweld.com\/fr\/wp-json\/wp\/v2\/comments?post=4013"}],"wp:featuredmedia":[{"embeddable":true,"href":"https:\/\/shop.photonweld.com\/fr\/wp-json\/wp\/v2\/media\/1736"}],"wp:attachment":[{"href":"https:\/\/shop.photonweld.com\/fr\/wp-json\/wp\/v2\/media?parent=4013"}],"wp:term":[{"taxonomy":"product_brand","embeddable":true,"href":"https:\/\/shop.photonweld.com\/fr\/wp-json\/wp\/v2\/product_brand?post=4013"},{"taxonomy":"product_cat","embeddable":true,"href":"https:\/\/shop.photonweld.com\/fr\/wp-json\/wp\/v2\/product_cat?post=4013"},{"taxonomy":"product_tag","embeddable":true,"href":"https:\/\/shop.photonweld.com\/fr\/wp-json\/wp\/v2\/product_tag?post=4013"}],"curies":[{"name":"wp","href":"https:\/\/api.w.org\/{rel}","templated":true}]}}